{"id":320,"date":"2015-09-28T08:01:06","date_gmt":"2015-09-28T08:01:06","guid":{"rendered":"https:\/\/saludsierra.es\/?product=salud-sierra-d-o-virgen-extra-5l"},"modified":"2026-02-22T11:27:10","modified_gmt":"2026-02-22T11:27:10","slug":"salud-sierra-d-o-virgen-extra-5l","status":"publish","type":"product","link":"https:\/\/saludsierra.es\/?product=salud-sierra-d-o-virgen-extra-5l","title":{"rendered":"Salud Sierra Premium D.O. 5L   Campa\u00f1a 2025\/2026"},"content":{"rendered":"<p>ACEITE DE OLIVA VIRGEN EXTRA<\/p>\n<p>Aut\u00e9ntico zumo de frutas. Aceite de oliva \u201c<strong>virgen extra denominaci\u00f3n de origen<\/strong>\u201d, brindamos a nuestros clientes una categor\u00eda superior de aceite de oliva con una calidad insuperable y cualidades irreprochables tanto anal\u00edticas como sensoriales. obtenido directamente de las mejores aceitunas y solamente bajo procedimientos mec\u00e1nicos. su aroma y sabor reproducen fielmente las caracter\u00edsticas del terreno donde se cultiva, manteniendo \u00edntegros todos los atributos saludables y nutricionales propios de este excepcional producto natural, pilar de la dieta mediterr\u00e1nea.<\/p>\n<p><a href=\"https:\/\/saludsierra.es\/wp-content\/uploads\/2014\/10\/caracteristicas.png\"><img loading=\"lazy\" decoding=\"async\" class=\"aligncenter size-full wp-image-229\" src=\"https:\/\/saludsierra.es\/wp-content\/uploads\/2014\/10\/caracteristicas.png\" alt=\"Caracteristicas Saludsierra\" width=\"200\" height=\"593\" srcset=\"https:\/\/saludsierra.es\/wp-content\/uploads\/2014\/10\/caracteristicas.png 200w, https:\/\/saludsierra.es\/wp-content\/uploads\/2014\/10\/caracteristicas-101x300.png 101w\" sizes=\"auto, (max-width: 200px) 100vw, 200px\" \/><\/a><\/p>\n","protected":false},"excerpt":{"rendered":"<p>Caja con<strong>\u00a03 unidades<\/strong> de Salud Sierra Premium D.O. 5L.<\/p>\n<p>Aceite certificado por la Denominaci\u00f3n de Origen SIERRA MAGINA<\/p>\n<p>Precio de la Unidad 30,00\u20ac<\/p>\n<p>Presentado en PET transparente de 5 Litros.<\/p>\n<p>Tambi\u00e9n disponible en 1 Litro<\/p>\n","protected":false},"featured_media":347,"comment_status":"open","ping_status":"closed","template":"","meta":[],"product_brand":[],"product_cat":[30],"product_tag":[],"class_list":{"0":"post-320","1":"product","2":"type-product","3":"status-publish","4":"has-post-thumbnail","6":"product_cat-aove","7":"product_shipping_class-espana-peninsular-2","9":"first","10":"instock","11":"shipping-taxable","12":"purchasable","13":"product-type-simple"},"_links":{"self":[{"href":"https:\/\/saludsierra.es\/index.php?rest_route=\/wp\/v2\/product\/320","targetHints":{"allow":["GET"]}}],"collection":[{"href":"https:\/\/saludsierra.es\/index.php?rest_route=\/wp\/v2\/product"}],"about":[{"href":"https:\/\/saludsierra.es\/index.php?rest_route=\/wp\/v2\/types\/product"}],"replies":[{"embeddable":true,"href":"https:\/\/saludsierra.es\/index.php?rest_route=%2Fwp%2Fv2%2Fcomments&post=320"}],"wp:featuredmedia":[{"embeddable":true,"href":"https:\/\/saludsierra.es\/index.php?rest_route=\/wp\/v2\/media\/347"}],"wp:attachment":[{"href":"https:\/\/saludsierra.es\/index.php?rest_route=%2Fwp%2Fv2%2Fmedia&parent=320"}],"wp:term":[{"taxonomy":"product_brand","embeddable":true,"href":"https:\/\/saludsierra.es\/index.php?rest_route=%2Fwp%2Fv2%2Fproduct_brand&post=320"},{"taxonomy":"product_cat","embeddable":true,"href":"https:\/\/saludsierra.es\/index.php?rest_route=%2Fwp%2Fv2%2Fproduct_cat&post=320"},{"taxonomy":"product_tag","embeddable":true,"href":"https:\/\/saludsierra.es\/index.php?rest_route=%2Fwp%2Fv2%2Fproduct_tag&post=320"}],"curies":[{"name":"wp","href":"https:\/\/api.w.org\/{rel}","templated":true}]}}