{"id":231,"date":"2015-10-03T22:35:30","date_gmt":"2015-10-03T22:35:30","guid":{"rendered":"https:\/\/saludsierra.es\/?product=salud-sierra-virgen-extra-dorica-750ml"},"modified":"2025-10-24T10:21:50","modified_gmt":"2025-10-24T10:21:50","slug":"salud-sierra-virgen-extra-dorica-750ml","status":"publish","type":"product","link":"https:\/\/saludsierra.es\/?product=salud-sierra-virgen-extra-dorica-750ml","title":{"rendered":"**COSECHA TEMPRANA**Nueva Cosecha 2025\/2026**D\u00f3rica 500Ml"},"content":{"rendered":"<p>**COSECHA TEMPRANA**ACEITE DE OLIVA VIRGEN EXTRA\u00a0 CON D.O.<\/p>\n<p>Aceite producido el d\u00eda 15 de octubre del 2025, de aceitunas especialmente clasificadas para esta edici\u00f3n limitada de la campa\u00f1a 2025\/2026<\/p>\n<p>Su verde intenso, olor y sabor,\u00a0 es apreciado por todos nuestros clientes.<\/p>\n<p>Aut\u00e9ntico zumo de frutas. Aceite de oliva \u201c<strong>virgen extra<\/strong>\u201d, brindamos a nuestros clientes una categor\u00eda superior de aceite de oliva con una calidad insuperable y cualidades irreprochables tanto anal\u00edticas como sensoriales. obtenido directamente de las mejores aceitunas y solamente bajo procedimientos mec\u00e1nicos a temperatura ambiente. su aroma y sabor reproducen fielmente las caracter\u00edsticas del terreno donde se cultiva, manteniendo \u00edntegros todos los atributos saludables y nutricionales propios de este excepcional producto natural, pilar de la dieta mediterr\u00e1nea.<\/p>\n<p>&nbsp;<\/p>\n<p><a href=\"https:\/\/saludsierra.es\/wp-content\/uploads\/2014\/10\/caracteristicas.png\"><img loading=\"lazy\" decoding=\"async\" class=\"aligncenter size-full wp-image-229\" src=\"https:\/\/saludsierra.es\/wp-content\/uploads\/2014\/10\/caracteristicas.png\" alt=\"Caracteristicas Saludsierra\" width=\"200\" height=\"593\" srcset=\"https:\/\/saludsierra.es\/wp-content\/uploads\/2014\/10\/caracteristicas.png 200w, https:\/\/saludsierra.es\/wp-content\/uploads\/2014\/10\/caracteristicas-101x300.png 101w\" sizes=\"auto, (max-width: 200px) 100vw, 200px\" \/><\/a><\/p>\n","protected":false},"excerpt":{"rendered":"<blockquote><p>Caja con<strong> 15 unidades<\/strong> de Salud Sierra Virgen Extra.<\/p><\/blockquote>\n<p>&nbsp;<\/p>\n<p>Presentado en D\u00f3rica de vidrio negro y tapon irrellenable.<\/p>\n","protected":false},"featured_media":1052,"comment_status":"open","ping_status":"closed","template":"","meta":[],"product_brand":[],"product_cat":[30],"product_tag":[],"class_list":{"0":"post-231","1":"product","2":"type-product","3":"status-publish","4":"has-post-thumbnail","6":"product_cat-aove","7":"product_shipping_class-espana-peninsular-3","9":"first","10":"instock","11":"featured","12":"shipping-taxable","13":"purchasable","14":"product-type-simple"},"_links":{"self":[{"href":"https:\/\/saludsierra.es\/index.php?rest_route=\/wp\/v2\/product\/231","targetHints":{"allow":["GET"]}}],"collection":[{"href":"https:\/\/saludsierra.es\/index.php?rest_route=\/wp\/v2\/product"}],"about":[{"href":"https:\/\/saludsierra.es\/index.php?rest_route=\/wp\/v2\/types\/product"}],"replies":[{"embeddable":true,"href":"https:\/\/saludsierra.es\/index.php?rest_route=%2Fwp%2Fv2%2Fcomments&post=231"}],"wp:featuredmedia":[{"embeddable":true,"href":"https:\/\/saludsierra.es\/index.php?rest_route=\/wp\/v2\/media\/1052"}],"wp:attachment":[{"href":"https:\/\/saludsierra.es\/index.php?rest_route=%2Fwp%2Fv2%2Fmedia&parent=231"}],"wp:term":[{"taxonomy":"product_brand","embeddable":true,"href":"https:\/\/saludsierra.es\/index.php?rest_route=%2Fwp%2Fv2%2Fproduct_brand&post=231"},{"taxonomy":"product_cat","embeddable":true,"href":"https:\/\/saludsierra.es\/index.php?rest_route=%2Fwp%2Fv2%2Fproduct_cat&post=231"},{"taxonomy":"product_tag","embeddable":true,"href":"https:\/\/saludsierra.es\/index.php?rest_route=%2Fwp%2Fv2%2Fproduct_tag&post=231"}],"curies":[{"name":"wp","href":"https:\/\/api.w.org\/{rel}","templated":true}]}}