{"id":224,"date":"2015-10-05T18:06:55","date_gmt":"2015-10-05T18:06:55","guid":{"rendered":"https:\/\/saludsierra.es\/?product=frasca-500ml-copiar-copiar"},"modified":"2026-02-22T11:24:17","modified_gmt":"2026-02-22T11:24:17","slug":"frasca-500ml-copiar-copiar","status":"publish","type":"product","link":"https:\/\/saludsierra.es\/?product=frasca-500ml-copiar-copiar","title":{"rendered":"Salud Sierra Virgen Extra Botella Pet 1L **2025\/2026**"},"content":{"rendered":"<p>ACEITE DE OLIVA VIRGEN EXTRA<\/p>\n<p>Aut\u00e9ntico zumo de frutas. Aceite de oliva \u201c<strong>virgen extra<\/strong>\u201d, brindamos a nuestros clientes una categor\u00eda superior de aceite de oliva con una calidad insuperable y cualidades irreprochables tanto anal\u00edticas como sensoriales. obtenido directamente de las mejores aceitunas y solamente bajo procedimientos mec\u00e1nicos. su aroma y sabor reproducen fielmente las caracter\u00edsticas del terreno donde se cultiva, manteniendo \u00edntegros todos los atributos saludables y nutricionales propios de este excepcional producto natural, pilar de la dieta mediterr\u00e1nea.<\/p>\n<p><a href=\"https:\/\/saludsierra.es\/wp-content\/uploads\/2014\/10\/caracteristicas.png\"><img loading=\"lazy\" decoding=\"async\" class=\"aligncenter size-full wp-image-229\" src=\"https:\/\/saludsierra.es\/wp-content\/uploads\/2014\/10\/caracteristicas.png\" alt=\"Caracteristicas Saludsierra\" width=\"200\" height=\"593\" srcset=\"https:\/\/saludsierra.es\/wp-content\/uploads\/2014\/10\/caracteristicas.png 200w, https:\/\/saludsierra.es\/wp-content\/uploads\/2014\/10\/caracteristicas-101x300.png 101w\" sizes=\"auto, (max-width: 200px) 100vw, 200px\" \/><\/a><\/p>\n<p>&nbsp;<\/p>\n","protected":false},"excerpt":{"rendered":"<p>CAMPA\u00d1A 2025\/2026<\/p>\n<p>Caja con<strong>\u00a015 unidades<\/strong> de Salud Sierra.Virgen Extra 1L.<\/p>\n<p>Presentado en PET transparente de 1 Litros.<\/p>\n<p>Tambi\u00e9n disponible en 5 Litros.<\/p>\n","protected":false},"featured_media":236,"comment_status":"open","ping_status":"closed","template":"","meta":[],"product_brand":[],"product_cat":[30],"product_tag":[],"class_list":{"0":"post-224","1":"product","2":"type-product","3":"status-publish","4":"has-post-thumbnail","6":"product_cat-aove","7":"product_shipping_class-espana-peninsular-3","9":"first","10":"outofstock","11":"shipping-taxable","12":"purchasable","13":"product-type-simple"},"_links":{"self":[{"href":"https:\/\/saludsierra.es\/index.php?rest_route=\/wp\/v2\/product\/224","targetHints":{"allow":["GET"]}}],"collection":[{"href":"https:\/\/saludsierra.es\/index.php?rest_route=\/wp\/v2\/product"}],"about":[{"href":"https:\/\/saludsierra.es\/index.php?rest_route=\/wp\/v2\/types\/product"}],"replies":[{"embeddable":true,"href":"https:\/\/saludsierra.es\/index.php?rest_route=%2Fwp%2Fv2%2Fcomments&post=224"}],"wp:featuredmedia":[{"embeddable":true,"href":"https:\/\/saludsierra.es\/index.php?rest_route=\/wp\/v2\/media\/236"}],"wp:attachment":[{"href":"https:\/\/saludsierra.es\/index.php?rest_route=%2Fwp%2Fv2%2Fmedia&parent=224"}],"wp:term":[{"taxonomy":"product_brand","embeddable":true,"href":"https:\/\/saludsierra.es\/index.php?rest_route=%2Fwp%2Fv2%2Fproduct_brand&post=224"},{"taxonomy":"product_cat","embeddable":true,"href":"https:\/\/saludsierra.es\/index.php?rest_route=%2Fwp%2Fv2%2Fproduct_cat&post=224"},{"taxonomy":"product_tag","embeddable":true,"href":"https:\/\/saludsierra.es\/index.php?rest_route=%2Fwp%2Fv2%2Fproduct_tag&post=224"}],"curies":[{"name":"wp","href":"https:\/\/api.w.org\/{rel}","templated":true}]}}